{"id":49,"date":"2020-08-17T23:40:14","date_gmt":"2020-08-17T23:40:14","guid":{"rendered":"http:\/\/www.pecuarionayarit.org.mx\/?page_id=49"},"modified":"2022-05-27T17:03:03","modified_gmt":"2022-05-27T17:03:03","slug":"sevac-2019","status":"publish","type":"page","link":"https:\/\/www.pecuarionayarit.org.mx\/?page_id=49","title":{"rendered":"SEVAC"},"content":{"rendered":"\t\t<div data-elementor-type=\"wp-page\" data-elementor-id=\"49\" class=\"elementor elementor-49\">\n\t\t\t\t\t\t<section class=\"elementor-section elementor-top-section elementor-element elementor-element-25b59079 elementor-section-boxed elementor-section-height-default elementor-section-height-default\" data-id=\"25b59079\" data-element_type=\"section\">\n\t\t\t\t\t\t<div class=\"elementor-container elementor-column-gap-default\">\n\t\t\t\t\t<div class=\"elementor-column elementor-col-100 elementor-top-column elementor-element elementor-element-5ec00ec5\" data-id=\"5ec00ec5\" data-element_type=\"column\">\n\t\t\t<div class=\"elementor-widget-wrap elementor-element-populated\">\n\t\t\t\t\t\t<div class=\"elementor-element elementor-element-1aaee61f elementor-widget elementor-widget-text-editor\" data-id=\"1aaee61f\" data-element_type=\"widget\" data-widget_type=\"text-editor.default\">\n\t\t\t\t<div class=\"elementor-widget-container\">\n\t\t\t\t\t\t\t<!-- wp:siteorigin-panels\/layout-block \/--><!-- wp:list -->\n<p>El\u00a0<strong>Sistema de Evaluaciones de la Armonizaci\u00f3n Contable<\/strong>\u00a0(SEvAC), es la herramienta tecnol\u00f3gica establecida con la finalidad de conocer el grado de avance de los entes p\u00fablicos del pa\u00eds respecto a los diferentes temas relacionados con la armonizaci\u00f3n contable.<\/p>\n<p>El SEvAC es una herramienta web desarrollada en el a\u00f1o 2017, en el marco del convenio entre Asociaci\u00f3n Nacional de Organismos de Fiscalizaci\u00f3n Superior y Control Gubernamental, A.C. (ASOFIS) y el Consejo Nacional de Armonizaci\u00f3n Contable (CONAC).<\/p>\n<!-- \/wp:list -->\t\t\t\t\t\t<\/div>\n\t\t\t\t<\/div>\n\t\t\t\t\t<\/div>\n\t\t<\/div>\n\t\t\t\t\t<\/div>\n\t\t<\/section>\n\t\t\t\t<\/div>\n\t\t","protected":false},"excerpt":{"rendered":"<p>El\u00a0Sistema de Evaluaciones de la Armonizaci\u00f3n Contable\u00a0(SEvAC), es la herramienta tecnol\u00f3gica establecida con la finalidad de conocer el grado de [&hellip;]<\/p>\n","protected":false},"author":1,"featured_media":0,"parent":0,"menu_order":0,"comment_status":"closed","ping_status":"closed","template":"","meta":{"ngg_post_thumbnail":0,"footnotes":""},"_links":{"self":[{"href":"https:\/\/www.pecuarionayarit.org.mx\/index.php?rest_route=\/wp\/v2\/pages\/49"}],"collection":[{"href":"https:\/\/www.pecuarionayarit.org.mx\/index.php?rest_route=\/wp\/v2\/pages"}],"about":[{"href":"https:\/\/www.pecuarionayarit.org.mx\/index.php?rest_route=\/wp\/v2\/types\/page"}],"author":[{"embeddable":true,"href":"https:\/\/www.pecuarionayarit.org.mx\/index.php?rest_route=\/wp\/v2\/users\/1"}],"replies":[{"embeddable":true,"href":"https:\/\/www.pecuarionayarit.org.mx\/index.php?rest_route=%2Fwp%2Fv2%2Fcomments&post=49"}],"version-history":[{"count":6,"href":"https:\/\/www.pecuarionayarit.org.mx\/index.php?rest_route=\/wp\/v2\/pages\/49\/revisions"}],"predecessor-version":[{"id":956,"href":"https:\/\/www.pecuarionayarit.org.mx\/index.php?rest_route=\/wp\/v2\/pages\/49\/revisions\/956"}],"wp:attachment":[{"href":"https:\/\/www.pecuarionayarit.org.mx\/index.php?rest_route=%2Fwp%2Fv2%2Fmedia&parent=49"}],"curies":[{"name":"wp","href":"https:\/\/api.w.org\/{rel}","templated":true}]}}