{"id":27,"date":"2020-08-17T23:30:08","date_gmt":"2020-08-17T23:30:08","guid":{"rendered":"http:\/\/www.pecuarionayarit.org.mx\/?page_id=27"},"modified":"2022-08-17T19:30:24","modified_gmt":"2022-08-17T19:30:24","slug":"transparencia","status":"publish","type":"page","link":"https:\/\/www.pecuarionayarit.org.mx\/?page_id=27","title":{"rendered":"Transparencia"},"content":{"rendered":"\t\t<div data-elementor-type=\"wp-page\" data-elementor-id=\"27\" class=\"elementor elementor-27\">\n\t\t\t\t\t\t<section class=\"elementor-section elementor-top-section elementor-element elementor-element-114b37f4 elementor-section-boxed elementor-section-height-default elementor-section-height-default\" data-id=\"114b37f4\" data-element_type=\"section\">\n\t\t\t\t\t\t<div class=\"elementor-container elementor-column-gap-default\">\n\t\t\t\t\t<div class=\"elementor-column elementor-col-100 elementor-top-column elementor-element elementor-element-38e91c83\" data-id=\"38e91c83\" data-element_type=\"column\">\n\t\t\t<div class=\"elementor-widget-wrap elementor-element-populated\">\n\t\t\t\t\t\t<div class=\"elementor-element elementor-element-1bbd5894 elementor-widget elementor-widget-text-editor\" data-id=\"1bbd5894\" data-element_type=\"widget\" data-widget_type=\"text-editor.default\">\n\t\t\t\t<div class=\"elementor-widget-container\">\n\t\t\t\t\t\t\t<!-- wp:paragraph -->\n<h2>Dando cumplimiento a\u00a0<\/h2>\n<p>\u00a0<\/p>\n<p><strong>Ley General de Contabilidad Gubernamental Federal<\/strong><\/p>\n<p><strong>Art\u00edculo 27.<\/strong>Los entes p\u00fablicos deber\u00e1n llevar a cabo el levantamiento f\u00edsico del inventario de los bienes a que se refiere el\u00a0art\u00edculo 23 de esta Ley. Dicho inventario deber\u00e1 estar debidamente conciliado con el registro contable. En el caso de los bienes inmuebles, no podr\u00e1 establecerse un valor inferior al catastral que le corresponda.<br \/><br \/>Los entes p\u00fablicos contar\u00e1n con un plazo de 30 d\u00edas h\u00e1biles para incluir en el inventario f\u00edsico los bienes que adquieran. Los entes p\u00fablicos publicar\u00e1n el inventario de sus bienes a trav\u00e9s de internet, el cual deber\u00e1n actualizar, por lo menos, cada seis meses. Los municipios podr\u00e1n recurrir a otros medios de publicaci\u00f3n, distintos al internet, cuando este servicio no est\u00e9 disponible, siempre y cuando sean de acceso p\u00fablico.<\/p>\n<div class=\"wp-block-group\"><strong>\u00abLineamientos m\u00ednimos relativos al dise\u00f1o e integraci\u00f3n del registro en los libros diario, mayor e inventarios y balances (registro electr\u00f3nico)\u00bb\u00a0<\/strong><\/div>\n<div>\u00a0<\/div>\n<div class=\"wp-block-group\"><strong> \u00abAcuerdo por el que se emiten los lineamientos m\u00ednimos relativos al dise\u00f1o e integraci\u00f3n del registro en los libros diario, mayor e inventarios y balances (registro electr\u00f3nico)\u00bb<!-- \/wp:paragraph --><\/strong><\/div>\n<p><strong><!-- \/wp:group --><!-- wp:paragraph --><\/strong><\/p>\n<p>\u00a0<\/p>\n<p><strong><!-- \/wp:paragraph --><!-- wp:group --><\/strong><\/p>\n<div class=\"wp-block-group\"><strong><!-- wp:paragraph --><\/strong>\n<p>\u00a0<\/p>\n<!-- \/wp:paragraph --><\/div>\n<!-- \/wp:group --><!-- wp:paragraph -->\n<p>\u00a0<\/p>\n<!-- \/wp:paragraph -->\t\t\t\t\t\t<\/div>\n\t\t\t\t<\/div>\n\t\t\t\t\t<\/div>\n\t\t<\/div>\n\t\t\t\t\t<\/div>\n\t\t<\/section>\n\t\t\t\t<\/div>\n\t\t","protected":false},"excerpt":{"rendered":"<p>Dando cumplimiento a\u00a0 \u00a0 Ley General de Contabilidad Gubernamental Federal Art\u00edculo 27.Los entes p\u00fablicos deber\u00e1n llevar a cabo el levantamiento [&hellip;]<\/p>\n","protected":false},"author":1,"featured_media":0,"parent":0,"menu_order":0,"comment_status":"closed","ping_status":"closed","template":"","meta":{"ngg_post_thumbnail":0,"footnotes":""},"_links":{"self":[{"href":"https:\/\/www.pecuarionayarit.org.mx\/index.php?rest_route=\/wp\/v2\/pages\/27"}],"collection":[{"href":"https:\/\/www.pecuarionayarit.org.mx\/index.php?rest_route=\/wp\/v2\/pages"}],"about":[{"href":"https:\/\/www.pecuarionayarit.org.mx\/index.php?rest_route=\/wp\/v2\/types\/page"}],"author":[{"embeddable":true,"href":"https:\/\/www.pecuarionayarit.org.mx\/index.php?rest_route=\/wp\/v2\/users\/1"}],"replies":[{"embeddable":true,"href":"https:\/\/www.pecuarionayarit.org.mx\/index.php?rest_route=%2Fwp%2Fv2%2Fcomments&post=27"}],"version-history":[{"count":15,"href":"https:\/\/www.pecuarionayarit.org.mx\/index.php?rest_route=\/wp\/v2\/pages\/27\/revisions"}],"predecessor-version":[{"id":1145,"href":"https:\/\/www.pecuarionayarit.org.mx\/index.php?rest_route=\/wp\/v2\/pages\/27\/revisions\/1145"}],"wp:attachment":[{"href":"https:\/\/www.pecuarionayarit.org.mx\/index.php?rest_route=%2Fwp%2Fv2%2Fmedia&parent=27"}],"curies":[{"name":"wp","href":"https:\/\/api.w.org\/{rel}","templated":true}]}}