{"id":26,"date":"2020-08-17T23:30:08","date_gmt":"2020-08-17T23:30:08","guid":{"rendered":"http:\/\/www.pecuarionayarit.org.mx\/?page_id=26"},"modified":"2023-08-17T21:05:23","modified_gmt":"2023-08-17T21:05:23","slug":"contactanos","status":"publish","type":"page","link":"https:\/\/www.pecuarionayarit.org.mx\/?page_id=26","title":{"rendered":"Contactanos"},"content":{"rendered":"\t\t<div data-elementor-type=\"wp-page\" data-elementor-id=\"26\" class=\"elementor elementor-26\">\n\t\t\t\t\t\t<section class=\"elementor-section elementor-top-section elementor-element elementor-element-541b51ad elementor-section-content-space-between elementor-section-boxed elementor-section-height-default elementor-section-height-default\" data-id=\"541b51ad\" data-element_type=\"section\">\n\t\t\t\t\t\t<div class=\"elementor-container elementor-column-gap-default\">\n\t\t\t\t\t<div class=\"elementor-column elementor-col-100 elementor-top-column elementor-element elementor-element-78e980c2\" data-id=\"78e980c2\" data-element_type=\"column\">\n\t\t\t<div class=\"elementor-widget-wrap elementor-element-populated\">\n\t\t\t\t\t\t<div class=\"elementor-element elementor-element-1c6d3a21 elementor-widget elementor-widget-text-editor\" data-id=\"1c6d3a21\" data-element_type=\"widget\" data-widget_type=\"text-editor.default\">\n\t\t\t\t<div class=\"elementor-widget-container\">\n\t\t\t\t\t\t\t<!-- wp:columns -->\n<div class=\"wp-block-columns\"><!-- wp:column -->\n<div class=\"wp-block-column\" style=\"text-align: right;\">\u00a0<\/div>\n<!-- \/wp:column --><\/div>\n<!-- \/wp:columns --><!-- wp:group -->\n<div class=\"wp-block-group\">\n<div class=\"wp-block-group__inner-container\"><!-- wp:siteorigin-panels\/layout-block {\"panelsData\":{\"widgets\":[{\"heading-title\":\"\u00bfD\u00f3nde nos puedes encontrar?\",\"subheading\":\"\",\"panels_info\":{\"class\":\"FT_Widget_Heading\",\"raw\":false,\"grid\":0,\"cell\":0,\"id\":0,\"widget_id\":\"46a058ab-ddda-4753-a363-32b169063218\",\"style\":{\"background_image_attachment\":false,\"background_display\":\"tile\"}}},{\"title\":\"Comit\u00e9 Estatal para el Fomento y Protecci\u00f3n Pecuaria de Nayarit S.C.\",\"text\":\"\\u003cul\\u003e\\n \\t\\u003cli\\u003e\\u003cstrong\\u003eDirecci\u00f3n.\\u003c\/strong\\u003e Plomeros \\u003cstrong\\u003e#\\u003c\/strong\\u003e55 Cd. Industrial \\u003cstrong\\u003eCP.\\u003c\/strong\\u003e 63173\\u003c\/li\\u003e\\n \\t\\u003cli\\u003e\\u003cstrong\\u003eTel.\\u003c\/strong\\u003e 311-214-37-84\\u003cstrong\\u003e \/\\u003c\/strong\\u003e 311-214-62-28\\u003c\/li\\u003e\\n \\t\\u003cli\\u003e\\u003cstrong\\u003eE-mail. \\u003c\/strong\\u003ecomitenay@hotmail.com\\u003c\/li\\u003e\\n\\u003c\/ul\\u003e\",\"filter\":true,\"visual\":true,\"panels_info\":{\"class\":\"WP_Widget_Text\",\"raw\":false,\"grid\":1,\"cell\":0,\"id\":1,\"widget_id\":\"2ebc3e4a-4d48-4130-856f-ac1e2bcde51b\",\"style\":{\"background_image_attachment\":false,\"background_display\":\"tile\",\"link_color\":\"#090c75\"}}},{\"title\":\"Servicios Integrales de Salud Animal y Diagn\u00f3stico de Nayarit SC\",\"text\":\"\\u003cul\\u003e\\n \\t\\u003cli\\u003e\\u003cstrong\\u003eDirecci\u00f3n. \\u003c\/strong\\u003eAv. Independencia #500A, Los Llanitos, 63170 Tepic, Nay.\\u003c\/li\\u003e\\n \\t\\u003cli\\u003e\\u003cstrong\\u003eTel.\u00a0 \\u003c\/strong\\u003e311-213-49-56\\u003c\/li\\u003e\\n \\t\\u003cli\\u003e\\u003cstrong\\u003eE-mail.\u00a0 \\u003c\/strong\\u003elaboratorio.nayarit@hotmail.com\\u003c\/li\\u003e\\n\\u003c\/ul\\u003e\",\"filter\":true,\"visual\":true,\"panels_info\":{\"class\":\"WP_Widget_Text\",\"raw\":false,\"grid\":2,\"cell\":0,\"id\":2,\"widget_id\":\"42f31b27-d065-4814-9551-1279fe576183\",\"style\":{\"background_image_attachment\":false,\"background_display\":\"tile\"}}},{\"title\":\"Distribuci\u00f3n de Insumos Veterinarios\",\"text\":\"\\u003cul\\u003e\\n \\t\\u003cli\\u003e\\u003cstrong\\u003eDirecci\u00f3n. \\u003c\/strong\\u003eAv. Independencia #500A, Los Llanitos, 63170 Tepic, Nay.\\u003c\/li\\u003e\\n \\t\\u003cli\\u003e\\u003cstrong\\u003eTel.\u00a0 \\u003c\/strong\\u003e311-213-49-56\\u003c\/li\\u003e\\n\\u003c\/ul\\u003e\",\"filter\":true,\"visual\":true,\"panels_info\":{\"class\":\"WP_Widget_Text\",\"raw\":false,\"grid\":3,\"cell\":0,\"id\":3,\"widget_id\":\"d4dfd374-5290-4055-b59f-68d3b08e95e2\",\"style\":{\"background_image_attachment\":false,\"background_display\":\"tile\"}}}],\"grids\":[{\"cells\":1,\"style\":[]},{\"cells\":2,\"style\":{\"background_image_attachment\":false,\"background_display\":\"tile\",\"cell_alignment\":\"flex-start\"}},{\"cells\":2,\"style\":{\"background_image_attachment\":false,\"background_display\":\"tile\",\"cell_alignment\":\"flex-start\"}},{\"cells\":2,\"style\":{\"background_image_attachment\":false,\"background_display\":\"tile\",\"cell_alignment\":\"flex-start\"}}],\"grid_cells\":[{\"grid\":0,\"index\":0,\"weight\":1,\"style\":[]},{\"grid\":1,\"index\":0,\"weight\":0.5,\"style\":[]},{\"grid\":1,\"index\":1,\"weight\":0.5,\"style\":[]},{\"grid\":2,\"index\":0,\"weight\":0.5,\"style\":[]},{\"grid\":2,\"index\":1,\"weight\":0.5,\"style\":[]},{\"grid\":3,\"index\":0,\"weight\":0.5,\"style\":[]},{\"grid\":3,\"index\":1,\"weight\":0.5,\"style\":[]}]},\"contentPreview\":\"\\u003cdiv id=\\u0022pl-26\\u0022  class=\\u0022panel-layout\\u0022 \\u003e\\u003cdiv id=\\u0022pg-26-0\\u0022  class=\\u0022panel-grid panel-no-style\\u0022 \\u003e\\u003cdiv id=\\u0022pgc-26-0-0\\u0022  class=\\u0022panel-grid-cell\\u0022 \\u003e\\u003cdiv id=\\u0022panel-26-0-0-0\\u0022 class=\\u0022so-panel widget widget_themegrill_flash_heading tg-widget section-title-wrapper panel-first-child panel-last-child\\u0022 data-index=\\u00220\\u0022 \\u003e\\t\\u003ch3 class=\\u0022section-title\\u0022\\u003e\u00bfD\u00f3nde nos puedes encontrar?\\u003c\/h3\\u003e\\n\\u003c\/div\\u003e\\u003c\/div\\u003e\\u003c\/div\\u003e\\u003cdiv id=\\u0022pg-26-1\\u0022  class=\\u0022panel-grid panel-no-style\\u0022 \\u003e\\u003cdiv id=\\u0022pgc-26-1-0\\u0022  class=\\u0022panel-grid-cell panel-grid-cell-mobile-last\\u0022 \\u003e\\u003cdiv id=\\u0022panel-26-1-0-0\\u0022 class=\\u0022so-panel widget widget_text panel-first-child panel-last-child\\u0022 data-index=\\u00221\\u0022 \\u003e\\u003ch3 class=\\u0022widget-title\\u0022\\u003eComit\u00e9 Estatal para el Fomento y Protecci\u00f3n Pecuaria de Nayarit S.C.\\u003c\/h3\\u003e\\t\\t\\t\\u003cdiv class=\\u0022textwidget\\u0022\\u003e\\u003cul\\u003e\\n\\u003cli\\u003e\\u003cstrong\\u003eDirecci\u00f3n.\\u003c\/strong\\u003e Plomeros \\u003cstrong\\u003e#\\u003c\/strong\\u003e55 Cd. Industrial \\u003cstrong\\u003eCP.\\u003c\/strong\\u003e 63173\\u003c\/li\\u003e\\n\\u003cli\\u003e\\u003cstrong\\u003eTel.\\u003c\/strong\\u003e 311-214-37-84\\u003cstrong\\u003e \/\\u003c\/strong\\u003e 311-214-62-28\\u003c\/li\\u003e\\n\\u003cli\\u003e\\u003cstrong\\u003eE-mail. \\u003c\/strong\\u003ecomitenay@hotmail.com\\u003c\/li\\u003e\\n\\u003c\/ul\\u003e\\n\\u003c\/div\\u003e\\n\\t\\t\\u003c\/div\\u003e\\u003c\/div\\u003e\\u003cdiv id=\\u0022pgc-26-1-1\\u0022  class=\\u0022panel-grid-cell panel-grid-cell-empty\\u0022 \\u003e\\u003c\/div\\u003e\\u003c\/div\\u003e\\u003cdiv id=\\u0022pg-26-2\\u0022  class=\\u0022panel-grid panel-no-style\\u0022 \\u003e\\u003cdiv id=\\u0022pgc-26-2-0\\u0022  class=\\u0022panel-grid-cell panel-grid-cell-mobile-last\\u0022 \\u003e\\u003cdiv id=\\u0022panel-26-2-0-0\\u0022 class=\\u0022so-panel widget widget_text panel-first-child panel-last-child\\u0022 data-index=\\u00222\\u0022 \\u003e\\u003ch3 class=\\u0022widget-title\\u0022\\u003eServicios Integrales de Salud Animal y Diagn\u00f3stico de Nayarit SC\\u003c\/h3\\u003e\\t\\t\\t\\u003cdiv class=\\u0022textwidget\\u0022\\u003e\\u003cul\\u003e\\n\\u003cli\\u003e\\u003cstrong\\u003eDirecci\u00f3n. \\u003c\/strong\\u003eAv. Independencia #500A, Los Llanitos, 63170 Tepic, Nay.\\u003c\/li\\u003e\\n\\u003cli\\u003e\\u003cstrong\\u003eTel.\u00a0 \\u003c\/strong\\u003e311-213-49-56\\u003c\/li\\u003e\\n\\u003cli\\u003e\\u003cstrong\\u003eE-mail.\u00a0 \\u003c\/strong\\u003elaboratorio.nayarit@hotmail.com\\u003c\/li\\u003e\\n\\u003c\/ul\\u003e\\n\\u003c\/div\\u003e\\n\\t\\t\\u003c\/div\\u003e\\u003c\/div\\u003e\\u003cdiv id=\\u0022pgc-26-2-1\\u0022  class=\\u0022panel-grid-cell panel-grid-cell-empty\\u0022 \\u003e\\u003c\/div\\u003e\\u003c\/div\\u003e\\u003cdiv id=\\u0022pg-26-3\\u0022  class=\\u0022panel-grid panel-no-style\\u0022 \\u003e\\u003cdiv id=\\u0022pgc-26-3-0\\u0022  class=\\u0022panel-grid-cell panel-grid-cell-mobile-last\\u0022 \\u003e\\u003cdiv id=\\u0022panel-26-3-0-0\\u0022 class=\\u0022so-panel widget widget_text panel-first-child panel-last-child\\u0022 data-index=\\u00223\\u0022 \\u003e\\u003ch3 class=\\u0022widget-title\\u0022\\u003eDistribuci\u00f3n de Insumos Veterinarios\\u003c\/h3\\u003e\\t\\t\\t\\u003cdiv class=\\u0022textwidget\\u0022\\u003e\\u003cul\\u003e\\n\\u003cli\\u003e\\u003cstrong\\u003eDirecci\u00f3n. \\u003c\/strong\\u003eAv. Independencia #500A, Los Llanitos, 63170 Tepic, Nay.\\u003c\/li\\u003e\\n\\u003cli\\u003e\\u003cstrong\\u003eTel.\u00a0 \\u003c\/strong\\u003e311-213-49-56\\u003c\/li\\u003e\\n\\u003c\/ul\\u003e\\n\\u003c\/div\\u003e\\n\\t\\t\\u003c\/div\\u003e\\u003c\/div\\u003e\\u003cdiv id=\\u0022pgc-26-3-1\\u0022  class=\\u0022panel-grid-cell panel-grid-cell-empty\\u0022 \\u003e\\u003c\/div\\u003e\\u003c\/div\\u003e\\u003c\/div\\u003e\"} -->\n<div class=\"wp-block-siteorigin-panels-layout-block\">\n<div id=\"pl-26\" class=\"panel-layout\">\n<div id=\"pg-26-0\" class=\"panel-grid panel-no-style\">\n<div id=\"pgc-26-0-0\" class=\"panel-grid-cell\">\n<div id=\"panel-26-0-0-0\" class=\"so-panel widget widget_themegrill_flash_heading tg-widget section-title-wrapper panel-first-child panel-last-child\" data-index=\"0\">\n<h3 class=\"section-title\">\u00a0 \u00a0 \u00a0 \u00a0 \u00a0 \u00a0 \u00a0 \u00a0 \u00a0 \u00a0 \u00a0 \u00a0 \u00a0 \u00a0 \u00a0 \u00a0 \u00a0 \u00a0 \u00a0 \u00a0 \u00a0 \u00a0 \u00a0 \u00a0 \u00a0 \u00a0\u00bfD\u00f3nde nos puedes encontrar?\u00a0 \u00a0 \u00a0 \u00a0\u00a0 \u00a0 \u00a0 \u00a0 \u00a0 \u00a0 \u00a0 \u00a0 \u00a0 \u00a0 \u00a0 \u00a0 \u00a0 \u00a0 \u00a0 \u00a0 \u00a0 \u00a0 \u00a0 \u00a0 \u00a0 \u00a0 \u00a0 \u00a0 \u00a0 \u00a0 \u00a0 \u00a0 \u00a0 \u00a0 \u00a0 \u00a0 \u00a0 \u00a0 \u00a0 \u00a0 \u00a0 \u00a0<\/h3>\n<\/div>\n<\/div>\n<\/div>\n<\/div>\n<\/div>\n<!-- \/wp:paragraph --><\/div>\n<\/div>\n<!-- \/wp:group --><!-- wp:sowb\/widget-block {\"widgetClass\":\"SiteOrigin_Widgets_ContactForm_Widget\",\"widgetData\":{\"title\":\"Contacta con nosotros\",\"display_title\":false,\"settings\":{\"to\":\"info@pecuario.org.mx\",\"from\":\"wordpress@pecuarionayarit.org.mx\",\"default_subject\":\"\",\"subject_prefix\":\"\",\"success_message\":\"Gracias por contactar con nosotros, en breve nos pondremos en contacto contigo.\",\"success_message_selected_editor\":\"tinymce\",\"submit_text\":\"Contacta con nosotros\",\"submit_id\":\"\",\"onclick\":\"\",\"required_field_indicator\":false,\"required_field_indicator_message\":\"Los campos marcados con * son obligatorios\",\"log_ip_address\":false,\"so_field_container_state\":\"closed\"},\"fields\":[{\"type\":\"name\",\"label\":\"Tu nombre\",\"description\":\"\",\"required\":{\"required\":\"on\",\"missing_message\":\"Por favor, introduce tu nombre\",\"so_field_container_state\":\"open\"}},{\"type\":\"email\",\"label\":\"Tu correo electr\u00f3nico\",\"description\":\"\",\"required\":{\"required\":\"on\",\"missing_message\":\"Por favor, introduce un correo electr\u00f3nico v\u00e1lido\",\"so_field_container_state\":\"open\"}},{\"type\":\"subject\",\"label\":\"Asunto\",\"description\":\"\",\"required\":{\"required\":\"on\",\"missing_message\":\"Por favor, introduce un asunto\",\"so_field_container_state\":\"open\"}},{\"type\":\"textarea\",\"label\":\"Mensaje\",\"description\":\"\",\"required\":{\"required\":\"on\",\"missing_message\":\"Por favor, escribe algo\",\"so_field_container_state\":\"open\"}}],\"spam\":{\"recaptcha\":{\"use_captcha\":false,\"site_key\":\"\",\"secret_key\":\"\",\"theme\":\"light\",\"type\":\"image\",\"size\":\"normal\",\"so_field_container_state\":\"open\"},\"akismet\":{\"use_akismet\":\"on\",\"spam_action\":\"error\",\"so_field_container_state\":\"open\"},\"so_field_container_state\":\"closed\"},\"design\":{\"container\":{\"background\":\"#f2f2f2\",\"padding\":\"10\",\"padding_unit\":\"px\",\"border_color\":\"#c0c0c0\",\"border_width\":\"1\",\"border_width_unit\":\"px\",\"border_style\":\"solid\",\"so_field_container_state\":\"open\"},\"labels\":{\"font\":\"default\",\"size\":\"\",\"size_unit\":\"px\",\"color\":\"default\",\"position\":\"above\",\"width\":\"\",\"width_unit\":\"px\",\"align\":\"left\",\"so_field_container_state\":\"open\"},\"fields\":{\"font\":\"default\",\"font_size\":\"\",\"font_size_unit\":\"px\",\"color\":\"\",\"margin\":\"\",\"margin_unit\":\"px\",\"padding\":\"\",\"padding_unit\":\"px\",\"max_width\":\"\",\"max_width_unit\":\"px\",\"height\":\"\",\"height_unit\":\"px\",\"height_textarea\":\"\",\"height_textarea_unit\":\"px\",\"background\":\"\",\"border_color\":\"#c0c0c0\",\"border_width\":\"1\",\"border_width_unit\":\"px\",\"border_style\":\"solid\",\"border_radius\":\"0\",\"so_field_container_state\":\"open\"},\"descriptions\":{\"size\":\"0.9\",\"size_unit\":\"em\",\"color\":\"#999999\",\"style\":\"italic\",\"so_field_container_state\":\"open\"},\"errors\":{\"background\":\"#fce4e5\",\"border_color\":\"#ec666a\",\"text_color\":\"#ec666a\",\"padding\":\"5\",\"padding_unit\":\"px\",\"margin\":\"10\",\"margin_unit\":\"px\",\"so_field_container_state\":\"open\"},\"submit\":{\"styled\":\"on\",\"background_color\":\"#eeeeee\",\"background_gradient\":\"10\",\"border_color\":\"#989a9c\",\"border_style\":\"solid\",\"border_width\":\"1\",\"border_width_unit\":\"px\",\"border_radius\":\"3\",\"text_color\":\"#5a5a5a\",\"font_size\":\"\",\"font_size_unit\":\"px\",\"weight\":\"500\",\"padding\":\"10\",\"padding_unit\":\"px\",\"width\":\"\",\"width_unit\":\"px\",\"align\":\"left\",\"inset_highlight\":\"50\",\"so_field_container_state\":\"open\"},\"focus\":{\"style\":\"solid\",\"color\":\"default\",\"width\":\"1\",\"width_unit\":\"px\",\"so_field_container_state\":\"open\"},\"so_field_container_state\":\"closed\"},\"_sow_form_id\":\"1113900956602eba8a15db3594539754\",\"_sow_form_timestamp\":\"\"}} \/-->\t\t\t\t\t\t<\/div>\n\t\t\t\t<\/div>\n\t\t\t\t\t<\/div>\n\t\t<\/div>\n\t\t\t\t\t<\/div>\n\t\t<\/section>\n\t\t\t\t<section class=\"elementor-section elementor-top-section elementor-element elementor-element-0a5cf2b elementor-section-boxed elementor-section-height-default elementor-section-height-default\" data-id=\"0a5cf2b\" data-element_type=\"section\">\n\t\t\t\t\t\t<div class=\"elementor-container elementor-column-gap-default\">\n\t\t\t\t\t<div class=\"elementor-column elementor-col-100 elementor-top-column elementor-element elementor-element-212b7fe\" data-id=\"212b7fe\" data-element_type=\"column\">\n\t\t\t<div class=\"elementor-widget-wrap\">\n\t\t\t\t\t\t\t<\/div>\n\t\t<\/div>\n\t\t\t\t\t<\/div>\n\t\t<\/section>\n\t\t\t\t<section class=\"elementor-section elementor-top-section elementor-element elementor-element-588a0a0 elementor-section-boxed elementor-section-height-default elementor-section-height-default\" data-id=\"588a0a0\" data-element_type=\"section\">\n\t\t\t\t\t\t<div class=\"elementor-container elementor-column-gap-default\">\n\t\t\t\t\t<div class=\"elementor-column elementor-col-50 elementor-top-column elementor-element elementor-element-970188e\" data-id=\"970188e\" data-element_type=\"column\">\n\t\t\t<div class=\"elementor-widget-wrap elementor-element-populated\">\n\t\t\t\t\t\t<div class=\"elementor-element elementor-element-8d62f59 elementor-widget elementor-widget-text-editor\" data-id=\"8d62f59\" data-element_type=\"widget\" data-widget_type=\"text-editor.default\">\n\t\t\t\t<div class=\"elementor-widget-container\">\n\t\t\t\t\t\t\t<div class=\"wp-block-siteorigin-panels-layout-block\">\n<div id=\"pl-26\" class=\"panel-layout\">\n<div id=\"pg-26-1\" class=\"panel-grid panel-no-style\">\n<div id=\"pgc-26-1-0\" class=\"panel-grid-cell panel-grid-cell-mobile-last\">\n<div id=\"panel-26-1-0-0\" class=\"so-panel widget widget_text panel-first-child panel-last-child\" data-index=\"1\">\n<h3>\u00a0<\/h3>\n<h3>\u00a0<\/h3>\n<h3 class=\"widget-title\">Comit\u00e9 Estatal para el Fomento y Protecci\u00f3n Pecuaria de Nayarit S.C.<\/h3>\n<div class=\"textwidget\">\n<ul>\n<li><strong>Direcci\u00f3n.<\/strong> Plomeros <strong>#<\/strong>55 Cd. Industrial <strong>CP.<\/strong> 63173<\/li>\n<li><strong>Tel.<\/strong> 311-214-37-84<strong> \/<\/strong> 311-214-62-28<\/li>\n<li><strong>E-mail. <\/strong>comitenay@hotmail.com<\/li>\n<li><strong>Facebook <a href=\"https:\/\/www.facebook.com\/comitefomepec\">https:\/\/www.facebook.com\/comitefomepec<\/a><\/strong><\/li>\n<\/ul>\n<\/div>\n<\/div>\n<\/div>\n<div id=\"pgc-26-1-1\" class=\"panel-grid-cell panel-grid-cell-empty\">\u00a0<\/div>\n<\/div>\n<div id=\"pg-26-2\" class=\"panel-grid panel-no-style\">\n<div id=\"pgc-26-2-0\" class=\"panel-grid-cell panel-grid-cell-mobile-last\">\n<div id=\"panel-26-2-0-0\" class=\"so-panel widget widget_text panel-first-child panel-last-child\" data-index=\"2\">\u00a0<\/div>\n<\/div>\n<\/div>\n<\/div>\n<\/div>\n<p>\u00a0<\/p>\t\t\t\t\t\t<\/div>\n\t\t\t\t<\/div>\n\t\t\t\t\t<\/div>\n\t\t<\/div>\n\t\t\t\t<div class=\"elementor-column elementor-col-50 elementor-top-column elementor-element elementor-element-eb49864\" data-id=\"eb49864\" data-element_type=\"column\">\n\t\t\t<div class=\"elementor-widget-wrap elementor-element-populated\">\n\t\t\t\t\t\t<div class=\"elementor-element elementor-element-c68df7c elementor-widget elementor-widget-google_maps\" data-id=\"c68df7c\" data-element_type=\"widget\" data-widget_type=\"google_maps.default\">\n\t\t\t\t<div class=\"elementor-widget-container\">\n\t\t\t\t\t<div class=\"elementor-custom-embed\">\n\t\t\t<iframe loading=\"lazy\"\n\t\t\t\t\tsrc=\"https:\/\/maps.google.com\/maps?q=plomeros%2055&#038;t=m&#038;z=15&#038;output=embed&#038;iwloc=near\"\n\t\t\t\t\ttitle=\"plomeros 55\"\n\t\t\t\t\taria-label=\"plomeros 55\"\n\t\t\t><\/iframe>\n\t\t<\/div>\n\t\t\t\t<\/div>\n\t\t\t\t<\/div>\n\t\t\t\t\t<\/div>\n\t\t<\/div>\n\t\t\t\t\t<\/div>\n\t\t<\/section>\n\t\t\t\t<section class=\"elementor-section elementor-top-section elementor-element elementor-element-f173145 elementor-section-boxed elementor-section-height-default elementor-section-height-default\" data-id=\"f173145\" data-element_type=\"section\">\n\t\t\t\t\t\t<div class=\"elementor-container elementor-column-gap-default\">\n\t\t\t\t\t<div class=\"elementor-column elementor-col-100 elementor-top-column elementor-element elementor-element-b9a7015\" data-id=\"b9a7015\" data-element_type=\"column\">\n\t\t\t<div class=\"elementor-widget-wrap elementor-element-populated\">\n\t\t\t\t\t\t<div class=\"elementor-element elementor-element-c7edcb5 elementor-widget elementor-widget-spacer\" data-id=\"c7edcb5\" data-element_type=\"widget\" data-widget_type=\"spacer.default\">\n\t\t\t\t<div class=\"elementor-widget-container\">\n\t\t\t\t\t<div class=\"elementor-spacer\">\n\t\t\t<div class=\"elementor-spacer-inner\"><\/div>\n\t\t<\/div>\n\t\t\t\t<\/div>\n\t\t\t\t<\/div>\n\t\t\t\t\t<\/div>\n\t\t<\/div>\n\t\t\t\t\t<\/div>\n\t\t<\/section>\n\t\t\t\t<section class=\"elementor-section elementor-top-section elementor-element elementor-element-84cd1ed elementor-section-boxed elementor-section-height-default elementor-section-height-default\" data-id=\"84cd1ed\" data-element_type=\"section\">\n\t\t\t\t\t\t<div class=\"elementor-container elementor-column-gap-default\">\n\t\t\t\t\t<div class=\"elementor-column elementor-col-50 elementor-top-column elementor-element elementor-element-a3a6d72\" data-id=\"a3a6d72\" data-element_type=\"column\">\n\t\t\t<div class=\"elementor-widget-wrap elementor-element-populated\">\n\t\t\t\t\t\t<div class=\"elementor-element elementor-element-2a975d6 elementor-widget elementor-widget-text-editor\" data-id=\"2a975d6\" data-element_type=\"widget\" data-widget_type=\"text-editor.default\">\n\t\t\t\t<div class=\"elementor-widget-container\">\n\t\t\t\t\t\t\t<div class=\"wp-block-siteorigin-panels-layout-block\">\n<div id=\"pl-26\" class=\"panel-layout\">\n<div id=\"pg-26-2\" class=\"panel-grid panel-no-style\">\n<div id=\"pgc-26-2-0\" class=\"panel-grid-cell panel-grid-cell-mobile-last\">\n<div id=\"panel-26-2-0-0\" class=\"so-panel widget widget_text panel-first-child panel-last-child\" data-index=\"2\">\n<h3>\u00a0<\/h3>\n<h3>\u00a0<\/h3>\n<h3 class=\"widget-title\">Servicios Integrales de Salud Animal y Diagn\u00f3stico de Nayarit SC<\/h3>\n<div class=\"textwidget\">\n<ul>\n<li><strong>Direcci\u00f3n. <\/strong>Av. Independencia #500A, Los Llanitos, 63170 Tepic, Nay.<\/li>\n<li><strong>Tel.\u00a0 <\/strong>311-213-49-56<\/li>\n<li><strong>E-mail.\u00a0 <\/strong>laboratorio.nayarit@hotmail.com<\/li>\n<li><strong>Facebook <a href=\"https:\/\/www.facebook.com\/SISADINAY\">https:\/\/www.facebook.com\/SISADINAY<\/a><\/strong><\/li>\n<\/ul>\n<\/div>\n<\/div>\n<\/div>\n<\/div>\n<\/div>\n<\/div>\n<p>\u00a0<\/p>\t\t\t\t\t\t<\/div>\n\t\t\t\t<\/div>\n\t\t\t\t\t<\/div>\n\t\t<\/div>\n\t\t\t\t<div class=\"elementor-column elementor-col-50 elementor-top-column elementor-element elementor-element-3d430c3\" data-id=\"3d430c3\" data-element_type=\"column\">\n\t\t\t<div class=\"elementor-widget-wrap elementor-element-populated\">\n\t\t\t\t\t\t<div class=\"elementor-element elementor-element-b795414 elementor-widget elementor-widget-google_maps\" data-id=\"b795414\" data-element_type=\"widget\" data-widget_type=\"google_maps.default\">\n\t\t\t\t<div class=\"elementor-widget-container\">\n\t\t\t\t\t<div class=\"elementor-custom-embed\">\n\t\t\t<iframe loading=\"lazy\"\n\t\t\t\t\tsrc=\"https:\/\/maps.google.com\/maps?q=Av.%20Independencia%20500%2C%20Los%20Llanitos%2C%2063170%20Tepic%2C%20Nay.&#038;t=m&#038;z=15&#038;output=embed&#038;iwloc=near\"\n\t\t\t\t\ttitle=\"Av. Independencia 500, Los Llanitos, 63170 Tepic, Nay.\"\n\t\t\t\t\taria-label=\"Av. Independencia 500, Los Llanitos, 63170 Tepic, Nay.\"\n\t\t\t><\/iframe>\n\t\t<\/div>\n\t\t\t\t<\/div>\n\t\t\t\t<\/div>\n\t\t\t\t\t<\/div>\n\t\t<\/div>\n\t\t\t\t\t<\/div>\n\t\t<\/section>\n\t\t\t\t<section class=\"elementor-section elementor-top-section elementor-element elementor-element-2090c97 elementor-section-boxed elementor-section-height-default elementor-section-height-default\" data-id=\"2090c97\" data-element_type=\"section\">\n\t\t\t\t\t\t<div class=\"elementor-container elementor-column-gap-default\">\n\t\t\t\t\t<div class=\"elementor-column elementor-col-50 elementor-top-column elementor-element elementor-element-f5c3b6c\" data-id=\"f5c3b6c\" data-element_type=\"column\">\n\t\t\t<div class=\"elementor-widget-wrap elementor-element-populated\">\n\t\t\t\t\t\t<div class=\"elementor-element elementor-element-d25d28e elementor-widget elementor-widget-spacer\" data-id=\"d25d28e\" data-element_type=\"widget\" data-widget_type=\"spacer.default\">\n\t\t\t\t<div class=\"elementor-widget-container\">\n\t\t\t\t\t<div class=\"elementor-spacer\">\n\t\t\t<div class=\"elementor-spacer-inner\"><\/div>\n\t\t<\/div>\n\t\t\t\t<\/div>\n\t\t\t\t<\/div>\n\t\t\t\t<div class=\"elementor-element elementor-element-3a2da9d elementor-widget elementor-widget-text-editor\" data-id=\"3a2da9d\" data-element_type=\"widget\" data-widget_type=\"text-editor.default\">\n\t\t\t\t<div class=\"elementor-widget-container\">\n\t\t\t\t\t\t\t<div class=\"wp-block-siteorigin-panels-layout-block\">\n<div id=\"pl-26\" class=\"panel-layout\">\n<div id=\"pg-26-2\" class=\"panel-grid panel-no-style\">\n<div id=\"pgc-26-2-1\" class=\"panel-grid-cell panel-grid-cell-empty\">\u00a0<\/div>\n<\/div>\n<div id=\"pg-26-3\" class=\"panel-grid panel-no-style\">\n<div id=\"pgc-26-3-0\" class=\"panel-grid-cell panel-grid-cell-mobile-last\">\n<div id=\"panel-26-3-0-0\" class=\"so-panel widget widget_text panel-first-child panel-last-child\" data-index=\"3\">\n<h3>\u00a0<\/h3>\n<h3>\u00a0<\/h3>\n<h3 class=\"widget-title\">Distribuci\u00f3n de Insumos Veterinarios<\/h3>\n<div class=\"textwidget\">\n<ul>\n<li><strong>Direcci\u00f3n. <\/strong>Av. Independencia #500A, Los Llanitos, 63170 Tepic, Nay.<\/li>\n<li><strong>Tel.\u00a0 <\/strong>311-213-49-56<\/li>\n<\/ul>\n<\/div>\n<\/div>\n<\/div>\n<div id=\"pgc-26-3-1\" class=\"panel-grid-cell panel-grid-cell-empty\">\u00a0<\/div>\n<\/div>\n<\/div>\n<\/div>\n<p><!-- \/wp:siteorigin-panels\/layout-block --><!-- wp:paragraph --><\/p>\n<p>\u00a0<\/p>\t\t\t\t\t\t<\/div>\n\t\t\t\t<\/div>\n\t\t\t\t\t<\/div>\n\t\t<\/div>\n\t\t\t\t<div class=\"elementor-column elementor-col-50 elementor-top-column elementor-element elementor-element-23e6c7e\" data-id=\"23e6c7e\" data-element_type=\"column\">\n\t\t\t<div class=\"elementor-widget-wrap elementor-element-populated\">\n\t\t\t\t\t\t<div class=\"elementor-element elementor-element-5340588 elementor-widget elementor-widget-spacer\" data-id=\"5340588\" data-element_type=\"widget\" data-widget_type=\"spacer.default\">\n\t\t\t\t<div class=\"elementor-widget-container\">\n\t\t\t\t\t<div class=\"elementor-spacer\">\n\t\t\t<div class=\"elementor-spacer-inner\"><\/div>\n\t\t<\/div>\n\t\t\t\t<\/div>\n\t\t\t\t<\/div>\n\t\t\t\t<div class=\"elementor-element elementor-element-b5af815 elementor-widget elementor-widget-google_maps\" data-id=\"b5af815\" data-element_type=\"widget\" data-widget_type=\"google_maps.default\">\n\t\t\t\t<div class=\"elementor-widget-container\">\n\t\t\t\t\t<div class=\"elementor-custom-embed\">\n\t\t\t<iframe loading=\"lazy\"\n\t\t\t\t\tsrc=\"https:\/\/maps.google.com\/maps?q=Av.%20Independencia%20500%2C%20Los%20Llanitos%2C%2063170%20Tepic%2C%20Nay.&#038;t=m&#038;z=15&#038;output=embed&#038;iwloc=near\"\n\t\t\t\t\ttitle=\"Av. Independencia 500, Los Llanitos, 63170 Tepic, Nay.\"\n\t\t\t\t\taria-label=\"Av. Independencia 500, Los Llanitos, 63170 Tepic, Nay.\"\n\t\t\t><\/iframe>\n\t\t<\/div>\n\t\t\t\t<\/div>\n\t\t\t\t<\/div>\n\t\t\t\t\t<\/div>\n\t\t<\/div>\n\t\t\t\t\t<\/div>\n\t\t<\/section>\n\t\t\t\t<\/div>\n\t\t","protected":false},"excerpt":{"rendered":"<p>\u00a0 \u00a0 \u00a0 Comit\u00e9 Estatal para el Fomento y Protecci\u00f3n Pecuaria de Nayarit S.C. Direcci\u00f3n. Plomeros #55 Cd. Industrial CP. [&hellip;]<\/p>\n","protected":false},"author":1,"featured_media":0,"parent":0,"menu_order":0,"comment_status":"closed","ping_status":"closed","template":"","meta":{"ngg_post_thumbnail":0,"footnotes":""},"_links":{"self":[{"href":"https:\/\/www.pecuarionayarit.org.mx\/index.php?rest_route=\/wp\/v2\/pages\/26"}],"collection":[{"href":"https:\/\/www.pecuarionayarit.org.mx\/index.php?rest_route=\/wp\/v2\/pages"}],"about":[{"href":"https:\/\/www.pecuarionayarit.org.mx\/index.php?rest_route=\/wp\/v2\/types\/page"}],"author":[{"embeddable":true,"href":"https:\/\/www.pecuarionayarit.org.mx\/index.php?rest_route=\/wp\/v2\/users\/1"}],"replies":[{"embeddable":true,"href":"https:\/\/www.pecuarionayarit.org.mx\/index.php?rest_route=%2Fwp%2Fv2%2Fcomments&post=26"}],"version-history":[{"count":25,"href":"https:\/\/www.pecuarionayarit.org.mx\/index.php?rest_route=\/wp\/v2\/pages\/26\/revisions"}],"predecessor-version":[{"id":1576,"href":"https:\/\/www.pecuarionayarit.org.mx\/index.php?rest_route=\/wp\/v2\/pages\/26\/revisions\/1576"}],"wp:attachment":[{"href":"https:\/\/www.pecuarionayarit.org.mx\/index.php?rest_route=%2Fwp%2Fv2%2Fmedia&parent=26"}],"curies":[{"name":"wp","href":"https:\/\/api.w.org\/{rel}","templated":true}]}}