{"id":24,"date":"2020-08-17T23:30:08","date_gmt":"2020-08-17T23:30:08","guid":{"rendered":"http:\/\/www.pecuarionayarit.org.mx\/?page_id=24"},"modified":"2021-01-06T18:08:18","modified_gmt":"2021-01-06T18:08:18","slug":"tramites-y-servicios","status":"publish","type":"page","link":"https:\/\/www.pecuarionayarit.org.mx\/?page_id=24","title":{"rendered":"Tramites y Servicios"},"content":{"rendered":"\n<div class=\"wp-block-group alignfull\"><div class=\"wp-block-group__inner-container is-layout-flow wp-block-group-is-layout-flow\"><div id=\"pl-gb24-69feb481dc251\"  class=\"panel-layout\" ><div id=\"pg-gb24-69feb481dc251-0\"  class=\"panel-grid panel-no-style\"  data-style=\"{&quot;background_image_attachment&quot;:false,&quot;background_display&quot;:&quot;tile&quot;,&quot;full_height&quot;:&quot;&quot;,&quot;cell_alignment&quot;:&quot;flex-start&quot;}\" ><div id=\"pgc-gb24-69feb481dc251-0-0\"  class=\"panel-grid-cell panel-grid-cell-mobile-last\"  data-weight=\"0.5\" ><div id=\"panel-gb24-69feb481dc251-0-0-0\" class=\"so-panel widget widget_themegrill_flash_heading tg-widget section-title-wrapper panel-first-child panel-last-child\" data-index=\"0\" data-style=\"{&quot;background_image_attachment&quot;:false,&quot;background_display&quot;:&quot;tile&quot;}\" >\t<h3 class=\"section-title\">\u00bfQu\u00e9 necesito para movilizar ganado en Nayarit?<\/h3>\n<\/div><\/div><div id=\"pgc-gb24-69feb481dc251-0-1\"  class=\"panel-grid-cell panel-grid-cell-empty\"  data-weight=\"0.5\" ><\/div><\/div><div id=\"pg-gb24-69feb481dc251-1\"  class=\"panel-grid panel-no-style\"  data-style=\"{&quot;background_image_attachment&quot;:false,&quot;background_display&quot;:&quot;tile&quot;,&quot;full_height&quot;:&quot;&quot;,&quot;cell_alignment&quot;:&quot;flex-start&quot;}\" ><div id=\"pgc-gb24-69feb481dc251-1-0\"  class=\"panel-grid-cell panel-grid-cell-mobile-last\"  data-weight=\"0.5\" ><div id=\"panel-gb24-69feb481dc251-1-0-0\" class=\"so-panel widget widget_modula_gallery_widget panel-first-child panel-last-child\" data-index=\"1\" data-style=\"{&quot;background_image_attachment&quot;:false,&quot;background_display&quot;:&quot;tile&quot;}\" ><h3 class=\"widget-title\">Revisa la informaci\u00f3n<\/h3><style>#jtg-377 .modula-item .jtg-social a, .lightbox-socials.jtg-social a{ fill: #ffffff; color: #ffffff }#jtg-377 .modula-item .jtg-social-mobile a{ fill: #ffffff; color: #ffffff }#jtg-377 .modula-item .jtg-social svg, .lightbox-socials.jtg-social svg { height: 16px; width: 16px }#jtg-377 .modula-item .jtg-social-mobile svg { height: 16px; width: 16px }#jtg-377 .modula-item .jtg-social a:not(:last-child), .lightbox-socials.jtg-social a:not(:last-child) { margin-right: 10px }#jtg-377 .modula-item .jtg-social-mobile .jtg-social-mobile-icons a:not(:last-child){ margin-right: 10px }#jtg-377 .modula-item .figc {color:#ffffff;}#jtg-377 .modula-item .modula-item-content { transform: scale(1) }#jtg-377 .modula-items .figc p.description { font-size:14px; }#jtg-377 .modula-items .figc p.description { color:#ffffff;}#jtg-377.modula-gallery .modula-item > a, #jtg-377.modula-gallery .modula-item, #jtg-377.modula-gallery .modula-item-content > a:not(.modula-no-follow) { cursor:zoom-in; } #jtg-377.modula-gallery .modula-item-content .modula-no-follow { cursor: default; } @media screen and (max-width:480px){#jtg-377 .modula-item .figc .jtg-title {  font-size: 12px; }#jtg-377 .modula-items .figc p.description { color:#ffffff;font-size:10px; }}<\/style>\n<!-- Gallery Container -->\r\n<div  id=\"jtg-377\" class=\"modula modula-gallery modula-custom-grid\" data-config=\"{&quot;height&quot;:800,&quot;tabletHeight&quot;:800,&quot;mobileHeight&quot;:800,&quot;desktopHeight&quot;:800,&quot;enableTwitter&quot;:false,&quot;enableWhatsapp&quot;:false,&quot;enableFacebook&quot;:false,&quot;enablePinterest&quot;:false,&quot;enableLinkedin&quot;:false,&quot;enableEmail&quot;:false,&quot;randomFactor&quot;:0.5,&quot;type&quot;:&quot;custom-grid&quot;,&quot;columns&quot;:12,&quot;gutter&quot;:10,&quot;mobileGutter&quot;:10,&quot;tabletGutter&quot;:10,&quot;desktopGutter&quot;:10,&quot;enableResponsive&quot;:&quot;0&quot;,&quot;tabletColumns&quot;:&quot;2&quot;,&quot;mobileColumns&quot;:&quot;1&quot;,&quot;lazyLoad&quot;:&quot;0&quot;,&quot;lightboxOpts&quot;:{&quot;animated&quot;:true,&quot;Thumbs&quot;:{&quot;type&quot;:&quot;modern&quot;,&quot;showOnStart&quot;:false},&quot;Toolbar&quot;:{&quot;display&quot;:{&quot;right&quot;:[&quot;close&quot;]},&quot;enabled&quot;:true},&quot;Carousel&quot;:{&quot;Panzoom&quot;:{&quot;touch&quot;:false},&quot;infinite&quot;:false},&quot;keyboard&quot;:{&quot;Escape&quot;:&quot;close&quot;,&quot;Delete&quot;:&quot;close&quot;,&quot;Backspace&quot;:&quot;close&quot;,&quot;PageUp&quot;:false,&quot;PageDown&quot;:false,&quot;ArrowUp&quot;:false,&quot;ArrowDown&quot;:false,&quot;ArrowRight&quot;:false,&quot;ArrowLeft&quot;:false},&quot;touch&quot;:false,&quot;backdropClick&quot;:false,&quot;l10n&quot;:{&quot;CLOSE&quot;:&quot;Close&quot;,&quot;NEXT&quot;:&quot;Next&quot;,&quot;PREV&quot;:&quot;Previous&quot;,&quot;Error&quot;:&quot;The requested content cannot be loaded. Please try again later.&quot;,&quot;PLAY_START&quot;:&quot;Start slideshow&quot;,&quot;PLAY_STOP&quot;:&quot;Pause slideshow&quot;,&quot;FULL_SCREEN&quot;:&quot;Full screen&quot;,&quot;THUMBS&quot;:&quot;Thumbnails&quot;,&quot;DOWNLOAD&quot;:&quot;Download&quot;,&quot;SHARE&quot;:&quot;Share&quot;,&quot;ZOOM&quot;:&quot;Zoom&quot;,&quot;EMAIL&quot;:&quot;Here is the link to the image : %%image_link%% and this is the link to the gallery : %%gallery_link%%&quot;,&quot;MODAL&quot;:&quot;You can close this modal content with the ESC key&quot;,&quot;ERROR&quot;:&quot;Something Went Wrong, Please Try Again Later&quot;,&quot;IMAGE_ERROR&quot;:&quot;Image Not Found&quot;,&quot;ELEMENT_NOT_FOUND&quot;:&quot;HTML Element Not Found&quot;,&quot;AJAX_NOT_FOUND&quot;:&quot;Error Loading AJAX : Not Found&quot;,&quot;AJAX_FORBIDDEN&quot;:&quot;Error Loading AJAX : Forbidden&quot;,&quot;IFRAME_ERROR&quot;:&quot;Error Loading Page&quot;,&quot;TOGGLE_ZOOM&quot;:&quot;Toggle zoom level&quot;,&quot;TOGGLE_THUMBS&quot;:&quot;Toggle thumbnails&quot;,&quot;TOGGLE_SLIDESHOW&quot;:&quot;Toggle slideshow&quot;,&quot;TOGGLE_FULLSCREEN&quot;:&quot;Toggle full-screen mode&quot;},&quot;Images&quot;:{&quot;Panzoom&quot;:{&quot;maxScale&quot;:2}},&quot;mainClass&quot;:&quot;modula-fancybox-container modula-lightbox-jtg-377&quot;,&quot;Html&quot;:{&quot;videoAutoplay&quot;:0,&quot;videoTpl&quot;:&quot;&lt;video class=\\&quot;fancybox__html5video\\&quot; controls muted playsinline controlsList controlsList=\\&quot;nodownload\\&quot; poster=\\&quot;{{poster}}\\&quot; src=\\&quot;{{src}}\\&quot; type=\\&quot;{{format}}\\&quot; &gt;  Sorry, your browser doesn&#039;t support embedded videos, &lt;a href=\\&quot;{{src}}\\&quot;&gt; download &lt;\\\/a&gt; and watch with your favorite video player! &lt;\\\/video&gt;&quot;}},&quot;inView&quot;:false,&quot;email_subject&quot;:&quot;Check out this awesome image !!&quot;,&quot;email_message&quot;:&quot;Here is the link to the image : %%image_link%% and this is the link to the gallery : %%gallery_link%%&quot;,&quot;lightbox&quot;:&quot;direct&quot;}\">\r\n\r\n\t\r\n\t<!-- Items Container -->\r\n\t<div  class=\"modula-items\">\r\n\t\t<div class=\"modula-item modula-simple-link effect-pufrobo\" data-width=\"3\" data-height=\"13\" >\r\n\t<div class=\"modula-item-overlay\"><\/div>\r\n\r\n\t<div class=\"modula-item-content\">\r\n\r\n\t\t\t\t\r\n\t\t\t\t\t<a data-image-id=\"379\" data-elementor-open-lightbox=\"no\" tabindex=\"0\" href=\"https:\/\/www.pecuarionayarit.org.mx\/wp-content\/uploads\/2021\/01\/73299314_2627237083966085_4144906752200015872_o-2.png\" class=\"modula-simple-link\" aria-label=\"Open image\" class=\"tile-inner modula-item-link\"><\/a>\r\n\t\t\r\n\t\t<img decoding=\"async\" class=\"pic wp-image-379\"  data-valign=\"middle\" data-halign=\"center\" alt=\"\" data-full=\"https:\/\/www.pecuarionayarit.org.mx\/wp-content\/uploads\/2021\/01\/73299314_2627237083966085_4144906752200015872_o-2.png\" title=\"73299314_2627237083966085_4144906752200015872_o\" width=\"120\" height=\"300\" src=\"https:\/\/www.pecuarionayarit.org.mx\/wp-content\/uploads\/2021\/01\/73299314_2627237083966085_4144906752200015872_o-2-120x300.png\" data-src=\"https:\/\/www.pecuarionayarit.org.mx\/wp-content\/uploads\/2021\/01\/73299314_2627237083966085_4144906752200015872_o-2-120x300.png\" data-caption=\"\" srcset=\"https:\/\/www.pecuarionayarit.org.mx\/wp-content\/uploads\/2021\/01\/73299314_2627237083966085_4144906752200015872_o-2.png 384w, https:\/\/www.pecuarionayarit.org.mx\/wp-content\/uploads\/2021\/01\/73299314_2627237083966085_4144906752200015872_o-2-120x300.png 120w\" sizes=\"(max-width: 120px) 100vw, 120px\" \/>\r\n\t\t<div class=\"figc no-description\">\r\n\t\t\t<div class=\"figc-inner\">\r\n\t\t\t\t\t\t\t\t\t\t\t\t\t\t\t<\/div>\r\n\t\t<\/div>\r\n\r\n\t<\/div>\r\n\r\n<\/div><div class=\"modula-item modula-simple-link effect-pufrobo\" data-width=\"5\" data-height=\"6\" >\r\n\t<div class=\"modula-item-overlay\"><\/div>\r\n\r\n\t<div class=\"modula-item-content\">\r\n\r\n\t\t\t\t\r\n\t\t\t\t\t<a data-image-id=\"381\" data-elementor-open-lightbox=\"no\" tabindex=\"0\" href=\"https:\/\/www.pecuarionayarit.org.mx\/wp-content\/uploads\/2021\/01\/cuadro-2.png\" class=\"modula-simple-link\" aria-label=\"Open image\" class=\"tile-inner modula-item-link\"><\/a>\r\n\t\t\r\n\t\t<img fetchpriority=\"high\" decoding=\"async\" class=\"pic wp-image-381\"  data-valign=\"middle\" data-halign=\"center\" alt=\"\" data-full=\"https:\/\/www.pecuarionayarit.org.mx\/wp-content\/uploads\/2021\/01\/cuadro-2.png\" title=\"cuadro-2\" width=\"282\" height=\"300\" src=\"https:\/\/www.pecuarionayarit.org.mx\/wp-content\/uploads\/2021\/01\/cuadro-2-282x300.png\" data-src=\"https:\/\/www.pecuarionayarit.org.mx\/wp-content\/uploads\/2021\/01\/cuadro-2-282x300.png\" data-caption=\"\" srcset=\"https:\/\/www.pecuarionayarit.org.mx\/wp-content\/uploads\/2021\/01\/cuadro-2.png 748w, https:\/\/www.pecuarionayarit.org.mx\/wp-content\/uploads\/2021\/01\/cuadro-2-282x300.png 282w\" sizes=\"(max-width: 282px) 100vw, 282px\" \/>\r\n\t\t<div class=\"figc no-description\">\r\n\t\t\t<div class=\"figc-inner\">\r\n\t\t\t\t\t\t\t\t\t\t\t\t\t\t\t<\/div>\r\n\t\t<\/div>\r\n\r\n\t<\/div>\r\n\r\n<\/div><div class=\"modula-item modula-simple-link effect-pufrobo\" data-width=\"3\" data-height=\"6\" >\r\n\t<div class=\"modula-item-overlay\"><\/div>\r\n\r\n\t<div class=\"modula-item-content\">\r\n\r\n\t\t\t\t\r\n\t\t\t\t\t<a data-image-id=\"733\" data-elementor-open-lightbox=\"no\" tabindex=\"0\" href=\"https:\/\/www.pecuarionayarit.org.mx\/wp-content\/uploads\/2022\/03\/tabulacion-22.png\" class=\"modula-simple-link\" aria-label=\"Open image\" class=\"tile-inner modula-item-link\"><\/a>\r\n\t\t\r\n\t\t<img decoding=\"async\" class=\"pic wp-image-733\"  data-valign=\"middle\" data-halign=\"center\" alt=\"\" data-full=\"https:\/\/www.pecuarionayarit.org.mx\/wp-content\/uploads\/2022\/03\/tabulacion-22.png\" title=\"tabulacion 22\" width=\"300\" height=\"204\" src=\"https:\/\/www.pecuarionayarit.org.mx\/wp-content\/uploads\/2022\/03\/tabulacion-22-300x204.png\" data-src=\"https:\/\/www.pecuarionayarit.org.mx\/wp-content\/uploads\/2022\/03\/tabulacion-22-300x204.png\" data-caption=\"\" srcset=\"https:\/\/www.pecuarionayarit.org.mx\/wp-content\/uploads\/2022\/03\/tabulacion-22.png 893w, https:\/\/www.pecuarionayarit.org.mx\/wp-content\/uploads\/2022\/03\/tabulacion-22-300x204.png 300w, https:\/\/www.pecuarionayarit.org.mx\/wp-content\/uploads\/2022\/03\/tabulacion-22-768x523.png 768w\" sizes=\"(max-width: 300px) 100vw, 300px\" \/>\r\n\t\t<div class=\"figc no-description\">\r\n\t\t\t<div class=\"figc-inner\">\r\n\t\t\t\t\t\t\t\t\t\t\t\t\t\t\t<\/div>\r\n\t\t<\/div>\r\n\r\n\t<\/div>\r\n\r\n<\/div><div class=\"modula-item modula-simple-link effect-pufrobo\" data-width=\"8\" data-height=\"2\" >\r\n\t<div class=\"modula-item-overlay\"><\/div>\r\n\r\n\t<div class=\"modula-item-content\">\r\n\r\n\t\t\t\t\r\n\t\t\t\t\t<a data-image-id=\"378\" data-elementor-open-lightbox=\"no\" tabindex=\"0\" href=\"https:\/\/www.pecuarionayarit.org.mx\/wp-content\/uploads\/2021\/01\/pago.png\" class=\"modula-simple-link\" aria-label=\"Open image\" class=\"tile-inner modula-item-link\"><\/a>\r\n\t\t\r\n\t\t<img loading=\"lazy\" decoding=\"async\" class=\"pic wp-image-378\"  data-valign=\"middle\" data-halign=\"center\" alt=\"\" data-full=\"https:\/\/www.pecuarionayarit.org.mx\/wp-content\/uploads\/2021\/01\/pago.png\" title=\"pago\" width=\"300\" height=\"102\" src=\"https:\/\/www.pecuarionayarit.org.mx\/wp-content\/uploads\/2021\/01\/pago-300x102.png\" data-src=\"https:\/\/www.pecuarionayarit.org.mx\/wp-content\/uploads\/2021\/01\/pago-300x102.png\" data-caption=\"\" srcset=\"https:\/\/www.pecuarionayarit.org.mx\/wp-content\/uploads\/2021\/01\/pago.png 800w, https:\/\/www.pecuarionayarit.org.mx\/wp-content\/uploads\/2021\/01\/pago-300x102.png 300w, https:\/\/www.pecuarionayarit.org.mx\/wp-content\/uploads\/2021\/01\/pago-768x262.png 768w\" sizes=\"(max-width: 300px) 100vw, 300px\" \/>\r\n\t\t<div class=\"figc no-description\">\r\n\t\t\t<div class=\"figc-inner\">\r\n\t\t\t\t\t\t\t\t\t\t\t\t\t\t\t<\/div>\r\n\t\t<\/div>\r\n\r\n\t<\/div>\r\n\r\n<\/div>\t\t\r\n\t<\/div>\r\n\r\n\t\r\n\t\r\n\t<script type=\"application\/ld+json\">\r\n\t{\r\n\t\t\"@context\": \"http:\/\/schema.org\",\r\n\t\t\"@type\"   : \"ImageGallery\",\r\n\t\t\"id\"      : \"https:\/\/www.pecuarionayarit.org.mx\/?page_id=24\/\",\r\n\t\t\"url\"     : \"https:\/\/www.pecuarionayarit.org.mx\/?page_id=24\/\"\r\n\t}\r\n\r\n\t<\/script>\r\n\r\n\t\r\n<\/div><\/div><\/div><div id=\"pgc-gb24-69feb481dc251-1-1\"  class=\"panel-grid-cell panel-grid-cell-empty\"  data-weight=\"0.5\" ><\/div><\/div><\/div><\/div><\/div>\n\n\n\n<div class=\"wp-block-group\"><div class=\"wp-block-group__inner-container is-layout-flow wp-block-group-is-layout-flow\"><div>Tienes que a\u00f1adir un widget, una fila o un dise\u00f1o preconstruido antes de que puedas ver algo aqu\u00ed. \ud83d\ude42<\/div><\/div><\/div>\n\n\n\n<p class=\"has-drop-cap\"><\/p>\n","protected":false},"excerpt":{"rendered":"","protected":false},"author":2,"featured_media":0,"parent":0,"menu_order":0,"comment_status":"closed","ping_status":"closed","template":"page-templates\/full-width.php","meta":{"ngg_post_thumbnail":0,"footnotes":""},"_links":{"self":[{"href":"https:\/\/www.pecuarionayarit.org.mx\/index.php?rest_route=\/wp\/v2\/pages\/24"}],"collection":[{"href":"https:\/\/www.pecuarionayarit.org.mx\/index.php?rest_route=\/wp\/v2\/pages"}],"about":[{"href":"https:\/\/www.pecuarionayarit.org.mx\/index.php?rest_route=\/wp\/v2\/types\/page"}],"author":[{"embeddable":true,"href":"https:\/\/www.pecuarionayarit.org.mx\/index.php?rest_route=\/wp\/v2\/users\/2"}],"replies":[{"embeddable":true,"href":"https:\/\/www.pecuarionayarit.org.mx\/index.php?rest_route=%2Fwp%2Fv2%2Fcomments&post=24"}],"version-history":[{"count":15,"href":"https:\/\/www.pecuarionayarit.org.mx\/index.php?rest_route=\/wp\/v2\/pages\/24\/revisions"}],"predecessor-version":[{"id":728,"href":"https:\/\/www.pecuarionayarit.org.mx\/index.php?rest_route=\/wp\/v2\/pages\/24\/revisions\/728"}],"wp:attachment":[{"href":"https:\/\/www.pecuarionayarit.org.mx\/index.php?rest_route=%2Fwp%2Fv2%2Fmedia&parent=24"}],"curies":[{"name":"wp","href":"https:\/\/api.w.org\/{rel}","templated":true}]}}