{"id":22,"date":"2020-08-17T23:30:08","date_gmt":"2020-08-17T23:30:08","guid":{"rendered":"http:\/\/www.pecuarionayarit.org.mx\/?page_id=22"},"modified":"2022-01-20T18:39:09","modified_gmt":"2022-01-20T18:39:09","slug":"quienes-somos","status":"publish","type":"page","link":"https:\/\/www.pecuarionayarit.org.mx\/?page_id=22","title":{"rendered":"\u00bfQui\u00e9nes Somos ?"},"content":{"rendered":"<div id=\"pl-gb22-69fb40bd4924c\"  class=\"panel-layout\" ><div id=\"pg-gb22-69fb40bd4924c-0\"  class=\"panel-grid panel-no-style\" ><div id=\"pgc-gb22-69fb40bd4924c-0-0\"  class=\"panel-grid-cell\"  data-weight=\"1\" ><div id=\"panel-gb22-69fb40bd4924c-0-0-0\" class=\"so-panel widget widget_themegrill_flash_heading tg-widget section-title-wrapper panel-first-child panel-last-child\" data-index=\"0\" data-style=\"{&quot;background_image_attachment&quot;:false,&quot;background_display&quot;:&quot;tile&quot;}\" >\t<h3 class=\"section-title\">Misi\u00f3n<\/h3>\n<\/div><\/div><\/div><\/div>\n\n\n<p>Implementar, desarrollar y controlar bajo par\u00e1metros de excelencia, las <strong>Campa\u00f1as Zoosanitarias en el Estado de Nayarit<\/strong> a fin de producir ganado, productos y subproductos de origen animal con alta productividad, rentabilidad y calidad internacional, para satisfacer las necesidades de los actores de la cadena agroalimentaria y de los consumidores a precios competitivos en beneficio de la sociedad.<\/p>\n\n\n<div id=\"pl-gb22-69fb40bd49796\"  class=\"panel-layout\" ><div id=\"pg-gb22-69fb40bd49796-0\"  class=\"panel-grid panel-no-style\"  data-style=\"{&quot;background_image_attachment&quot;:false,&quot;background_display&quot;:&quot;tile&quot;,&quot;full_height&quot;:&quot;&quot;,&quot;cell_alignment&quot;:&quot;flex-start&quot;}\"  data-color-label=\"2\" ><div id=\"pgc-gb22-69fb40bd49796-0-0\"  class=\"panel-grid-cell\"  data-weight=\"1\" ><div id=\"panel-gb22-69fb40bd49796-0-0-0\" class=\"so-panel widget widget_themegrill_flash_heading tg-widget section-title-wrapper panel-first-child panel-last-child\" data-index=\"0\" data-style=\"{&quot;background_image_attachment&quot;:false,&quot;background_display&quot;:&quot;tile&quot;}\" >\t<h3 class=\"section-title\">Visi\u00f3n<\/h3>\n<\/div><\/div><\/div><\/div>\n\n\n<p>Ser un <strong>Organismo Auxiliar de Sanidad Animal<\/strong> reconocido por sus productores mediante la atenci\u00f3n profesional y especializada de cualquier riesgo zoosanitario; que fomente las actividades pecuarias, en coordinaci\u00f3n con todas las instituciones del sector, que promueva la formaci\u00f3n humana y profesional, basando su operaci\u00f3n en la mejora continua de sus actividades y servicios.<\/p>\n\n\n<div id=\"pl-gb22-69fb40bd49a88\"  class=\"panel-layout\" ><div id=\"pg-gb22-69fb40bd49a88-0\"  class=\"panel-grid panel-no-style\"  data-style=\"{&quot;background_image_attachment&quot;:false,&quot;background_display&quot;:&quot;tile&quot;,&quot;full_height&quot;:&quot;&quot;,&quot;cell_alignment&quot;:&quot;flex-start&quot;}\"  data-color-label=\"2\" ><div id=\"pgc-gb22-69fb40bd49a88-0-0\"  class=\"panel-grid-cell\"  data-weight=\"1\" ><div id=\"panel-gb22-69fb40bd49a88-0-0-0\" class=\"so-panel widget widget_themegrill_flash_heading tg-widget section-title-wrapper panel-first-child panel-last-child\" data-index=\"0\" data-style=\"{&quot;background_image_attachment&quot;:false,&quot;background_display&quot;:&quot;tile&quot;}\" >\t<h3 class=\"section-title\">Organismo Auxiliar<\/h3>\n\t<div class=\"section-description\">Conforme a la Ley Federal de Sanidad Animal la definici\u00f3n es:<\/div>\n<\/div><\/div><\/div><\/div>\n\n\n<p class=\"has-text-align-center\"><strong><em>Art\u00edculo 4. [\u2026]<\/em><\/strong><\/p>\n\n\n\n<p class=\"has-text-align-center\"><strong>Organismos Auxiliares de sanidad animal:<\/strong><\/p>\n\n\n\n<p><em>Aquellos autorizados por la Secretar\u00eda y que est\u00e1n constituidos por las organizaciones de los sectores involucrados de la cadena sistema producto y que coadyuvan con \u00e9sta en la sanidad animal y en las actividades asociadas a las buenas pr\u00e1cticas pecuarias de los bienes de origen animal, incluidos los Comit\u00e9s de Fomento y Protecci\u00f3n Pecuaria autorizados por la misma Secretar\u00eda.<\/em><\/p>\n\n\n\n<p class=\"has-text-align-center\">N\u00famero de Registro de <strong>SENASICA<\/strong> <strong>01-018\/2013<\/strong><\/p>\n\n\n\n<p class=\"has-text-align-center\"><strong>Vigencia 11 de Marzo 2021<\/strong><\/p>\n\n\n<div id=\"pl-gb22-69fb40bd49e11\"  class=\"panel-layout\" ><div id=\"pg-gb22-69fb40bd49e11-0\"  class=\"panel-grid panel-no-style\"  data-style=\"{&quot;background_image_attachment&quot;:false,&quot;background_display&quot;:&quot;tile&quot;,&quot;full_height&quot;:&quot;&quot;,&quot;cell_alignment&quot;:&quot;flex-start&quot;}\"  data-color-label=\"2\" ><div id=\"pgc-gb22-69fb40bd49e11-0-0\"  class=\"panel-grid-cell\"  data-weight=\"1\" ><div id=\"panel-gb22-69fb40bd49e11-0-0-0\" class=\"so-panel widget widget_themegrill_flash_heading tg-widget section-title-wrapper panel-first-child panel-last-child\" data-index=\"0\" data-style=\"{&quot;background_image_attachment&quot;:false,&quot;background_display&quot;:&quot;tile&quot;}\" >\t<h3 class=\"section-title\">Objetivos<\/h3>\n<\/div><\/div><\/div><\/div>\n\n\n<p><strong>\u2022Garantizar Zonas y Regiones Libres <\/strong>y en Erradicaci\u00f3n de Enfermedades en Campa\u00f1a.<\/p>\n\n\n\n<p class=\"has-text-align-center\">\u2022Apoyar para obtener Certificaci\u00f3n en <strong>Buenas Pr\u00e1cticas Pecuarias <\/strong>y de Producci\u00f3n.<\/p>\n\n\n\n<p class=\"has-text-align-right\">\u2022Operar el <strong>Sistema de Control de Movilizaci\u00f3n.<\/strong><\/p>\n","protected":false},"excerpt":{"rendered":"<p>Implementar, desarrollar y controlar bajo par\u00e1metros de excelencia, las Campa\u00f1as Zoosanitarias en el Estado de Nayarit a fin de producir [&hellip;]<\/p>\n","protected":false},"author":1,"featured_media":0,"parent":0,"menu_order":0,"comment_status":"closed","ping_status":"closed","template":"","meta":{"ngg_post_thumbnail":0,"footnotes":""},"_links":{"self":[{"href":"https:\/\/www.pecuarionayarit.org.mx\/index.php?rest_route=\/wp\/v2\/pages\/22"}],"collection":[{"href":"https:\/\/www.pecuarionayarit.org.mx\/index.php?rest_route=\/wp\/v2\/pages"}],"about":[{"href":"https:\/\/www.pecuarionayarit.org.mx\/index.php?rest_route=\/wp\/v2\/types\/page"}],"author":[{"embeddable":true,"href":"https:\/\/www.pecuarionayarit.org.mx\/index.php?rest_route=\/wp\/v2\/users\/1"}],"replies":[{"embeddable":true,"href":"https:\/\/www.pecuarionayarit.org.mx\/index.php?rest_route=%2Fwp%2Fv2%2Fcomments&post=22"}],"version-history":[{"count":8,"href":"https:\/\/www.pecuarionayarit.org.mx\/index.php?rest_route=\/wp\/v2\/pages\/22\/revisions"}],"predecessor-version":[{"id":194,"href":"https:\/\/www.pecuarionayarit.org.mx\/index.php?rest_route=\/wp\/v2\/pages\/22\/revisions\/194"}],"wp:attachment":[{"href":"https:\/\/www.pecuarionayarit.org.mx\/index.php?rest_route=%2Fwp%2Fv2%2Fmedia&parent=22"}],"curies":[{"name":"wp","href":"https:\/\/api.w.org\/{rel}","templated":true}]}}