{"id":1235,"date":"2022-10-27T20:54:27","date_gmt":"2022-10-27T20:54:27","guid":{"rendered":"http:\/\/www.pecuarionayarit.org.mx\/?page_id=1235"},"modified":"2022-10-27T20:54:27","modified_gmt":"2022-10-27T20:54:27","slug":"cuenta-publica","status":"publish","type":"page","link":"https:\/\/www.pecuarionayarit.org.mx\/?page_id=1235","title":{"rendered":"Cuenta P\u00fablica"},"content":{"rendered":"<p>La Cuenta P\u00fablica Consolidada del Gobierno del Estado de Nayarit est\u00e1 conformada por la Informaci\u00f3n Contable, Presupuestaria, Program\u00e1tica y el An\u00e1lisis Cualitativo de los Indicadores de la Postura Fiscal del Poder Ejecutivo, Poder Legislativo, Poder Judicial, \u00d3rganos Aut\u00f3nomos, as\u00ed como la referente a las Entidades que integran el Sector Paraestatal del Poder Ejecutivo.<\/p>\n<p>Este documento ha sido preparado y estructurado con estricto apego a las disposiciones establecidas en la Ley General de Contabilidad Gubernamental y plena sujeci\u00f3n a la normatividad, lineamientos, reglas y recomendaciones que en materia de rendici\u00f3n de cuentas ha emitido el Consejo Nacional de Armonizaci\u00f3n Contable (CONAC).<\/p>\n<p>En el Tomo I se presentan los Resultados Generales de las Finanzas P\u00fablicas Estatales y est\u00e1 compuesto por un An\u00e1lisis General del Panorama Econ\u00f3mico del Ejercicio y por los Estados Financieros Consolidados del Gobierno del Estado.<\/p>\n<p>Por su parte, los Tomos II,III,IV,V y VI contienen la informaci\u00f3n por separado de los Poderes, \u00d3rganos Aut\u00f3nomos y el Sector Paraestatal, debidamente estructurada y organizada conforme a las disposiciones anteriormente enunciadas.<\/p>\n","protected":false},"excerpt":{"rendered":"<p>La Cuenta P\u00fablica Consolidada del Gobierno del Estado de Nayarit est\u00e1 conformada por la Informaci\u00f3n Contable, Presupuestaria, Program\u00e1tica y el [&hellip;]<\/p>\n","protected":false},"author":2,"featured_media":0,"parent":27,"menu_order":0,"comment_status":"closed","ping_status":"closed","template":"","meta":{"ngg_post_thumbnail":0,"footnotes":""},"_links":{"self":[{"href":"https:\/\/www.pecuarionayarit.org.mx\/index.php?rest_route=\/wp\/v2\/pages\/1235"}],"collection":[{"href":"https:\/\/www.pecuarionayarit.org.mx\/index.php?rest_route=\/wp\/v2\/pages"}],"about":[{"href":"https:\/\/www.pecuarionayarit.org.mx\/index.php?rest_route=\/wp\/v2\/types\/page"}],"author":[{"embeddable":true,"href":"https:\/\/www.pecuarionayarit.org.mx\/index.php?rest_route=\/wp\/v2\/users\/2"}],"replies":[{"embeddable":true,"href":"https:\/\/www.pecuarionayarit.org.mx\/index.php?rest_route=%2Fwp%2Fv2%2Fcomments&post=1235"}],"version-history":[{"count":2,"href":"https:\/\/www.pecuarionayarit.org.mx\/index.php?rest_route=\/wp\/v2\/pages\/1235\/revisions"}],"predecessor-version":[{"id":1237,"href":"https:\/\/www.pecuarionayarit.org.mx\/index.php?rest_route=\/wp\/v2\/pages\/1235\/revisions\/1237"}],"up":[{"embeddable":true,"href":"https:\/\/www.pecuarionayarit.org.mx\/index.php?rest_route=\/wp\/v2\/pages\/27"}],"wp:attachment":[{"href":"https:\/\/www.pecuarionayarit.org.mx\/index.php?rest_route=%2Fwp%2Fv2%2Fmedia&parent=1235"}],"curies":[{"name":"wp","href":"https:\/\/api.w.org\/{rel}","templated":true}]}}